{"id":31716,"date":"2024-07-10T13:54:45","date_gmt":"2024-07-10T16:54:45","guid":{"rendered":"https:\/\/jornalnosbairros.com.br\/wp\/?page_id=31716"},"modified":"2026-03-05T11:31:18","modified_gmt":"2026-03-05T14:31:18","slug":"publicacoes-legais","status":"publish","type":"page","link":"https:\/\/jornalnosbairros.com.br\/wp\/publicacoes-legais\/","title":{"rendered":"EDITAIS"},"content":{"rendered":"\n<hr class=\"wp-block-separator has-alpha-channel-opacity\"\/>\n\n\n\n<p><strong>PUBLICA\u00c7\u00d5ES LEGAIS<\/strong> &#8211; O Jornal nos Bairros confirma a autenticidade deste documento quando vizualizado diretamente neste local: <a href=\"https:\/\/jornalnosbairros.com.br\/wp\/publicacoes-legais\" target=\"_blank\" rel=\"noreferrer noopener\">https:\/\/jornalnosbairros.com.br\/wp\/publicacoes-legais<\/a><\/p>\n\n\n\n<hr class=\"wp-block-separator has-alpha-channel-opacity\"\/>\n\n\n\n<div class=\"wp-block-columns is-layout-flex wp-container-core-columns-is-layout-9d6595d7 wp-block-columns-is-layout-flex\">\n<div class=\"wp-block-column is-layout-flow wp-block-column-is-layout-flow\">\n<ul class=\"wp-block-list\">\n<li><strong><a href=\"https:\/\/jornalnosbairros.com.br\/wp\/wp-content\/uploads\/2024\/07\/ass-edital0001.pdf\">EDITAL 0001<\/a><\/strong><br><strong>10 de julho de 2024<\/strong><br>&#8211; Edital de convoca\u00e7\u00e3o para assembleia geral extraordin\u00e1ria.<\/li>\n<\/ul>\n\n\n\n<hr class=\"wp-block-separator has-alpha-channel-opacity\"\/>\n\n\n\n<ul class=\"wp-block-list\">\n<li><strong><a href=\"https:\/\/jornalnosbairros.com.br\/wp\/wp-content\/uploads\/2024\/10\/edital2-ass.pdf\">EDITAL 00<\/a><a href=\"https:\/\/jornalnosbairros.com.br\/wp\/wp-content\/uploads\/2024\/10\/edital2-ass.pdf\" target=\"_blank\" rel=\"noreferrer noopener\">02<\/a><\/strong><br><strong>o7 de outubro de 2024<\/strong><br>&#8211; Edital de convoca\u00e7\u00e3o para assembleia geral extraordin\u00e1ria.<\/li>\n<\/ul>\n\n\n\n<hr class=\"wp-block-separator has-alpha-channel-opacity\"\/>\n\n\n\n<ul class=\"wp-block-list\">\n<li><strong><a href=\"https:\/\/jornalnosbairros.com.br\/wp\/wp-content\/uploads\/2025\/02\/editalass-1.pdf\">EDITAL 007<\/a><\/strong><br><strong>28 de fevereiro 2025<\/strong><br><strong>Contranav &#8211;<\/strong> Edital de convoca\u00e7\u00e3o para assembleia geral ordin\u00e1ria. no dia 17 de Mar\u00e7o de 2025.<\/li>\n<\/ul>\n\n\n\n<hr class=\"wp-block-separator has-alpha-channel-opacity\"\/>\n\n\n\n<ul class=\"wp-block-list\">\n<li><a href=\"https:\/\/jornalnosbairros.com.br\/wp\/wp-content\/uploads\/2025\/08\/ass-edital-0010.pdf\"><strong>EDITAL 010<\/strong><\/a><br><strong>08 de julho 2025<\/strong><br>Instituto A8 Racing<br>Edital de Convoca\u00e7\u00e3o<\/li>\n<\/ul>\n\n\n\n<hr class=\"wp-block-separator has-alpha-channel-opacity\"\/>\n\n\n\n<ul class=\"wp-block-list\">\n<li><strong><a href=\"https:\/\/jornalnosbairros.com.br\/wp\/wp-content\/uploads\/2026\/03\/edital13.pdf\" target=\"_blank\" rel=\"noreferrer noopener\">EDITAL 013<\/a><\/strong><br><strong>05 de mar\u00e7o 202<\/strong>6<br>Assembleia geral ordin\u00e1ria e extraordin\u00e1ria cootranav &#8211; cooperativa de transportadores autonomo.<\/li>\n<\/ul>\n\n\n\n<p><\/p>\n<\/div>\n\n\n\n<div class=\"wp-block-column is-layout-flow wp-block-column-is-layout-flow\">\n<ul class=\"wp-block-list\">\n<li><strong><a href=\"https:\/\/jornalnosbairros.com.br\/wp\/wp-content\/uploads\/2024\/10\/edital.pdf\">EDITAL 0003<\/a><\/strong> <br><strong>o9 de outubro de 2024<\/strong><br>&#8211; Registro de perda.<br>&#8211; Extravio de impressora.<\/li>\n<\/ul>\n\n\n\n<hr class=\"wp-block-separator has-alpha-channel-opacity\"\/>\n\n\n\n<ul class=\"wp-block-list\">\n<li><a href=\"https:\/\/jornalnosbairros.com.br\/wp\/wp-content\/uploads\/2024\/10\/edital2-ass-2.pdf\"><strong>EDITAL 00<\/strong>04<\/a><br><strong>09 de outubro de 2024<br><\/strong>&#8211; Convoca\u00e7\u00e3o de assembleia<br>&#8211; Associa\u00e7\u00e3o Cultural Dengo Dengo.<\/li>\n<\/ul>\n\n\n\n<hr class=\"wp-block-separator has-alpha-channel-opacity\"\/>\n\n\n\n<ul class=\"wp-block-list\">\n<li><a href=\"https:\/\/jornalnosbairros.com.br\/wp\/wp-content\/uploads\/2025\/08\/ass-edital-008.pdf\"><strong>EDITAL 008<\/strong><\/a><br>&#8211; <strong>06 de julho 2025<\/strong><br>&#8211; Instituto A8 Racing<br>&#8211; Edital de Convoca\u00e7\u00e3o<\/li>\n<\/ul>\n\n\n\n<hr class=\"wp-block-separator has-alpha-channel-opacity\"\/>\n\n\n\n<ul class=\"wp-block-list\">\n<li><strong><a href=\"https:\/\/jornalnosbairros.com.br\/wp\/wp-content\/uploads\/2025\/10\/edital-011-ass.pdf\" target=\"_blank\" rel=\"noreferrer noopener\">EDITAL 011<\/a><\/strong><br><strong>14 de outubro 2025<\/strong><br>Usucapi\u00e3o TJSC<br>Edital de Plataforma &#8211; Terreno em \u00e1rea urbana em Porto Belo SC<\/li>\n<\/ul>\n<\/div>\n\n\n\n<div class=\"wp-block-column is-layout-flow wp-block-column-is-layout-flow\">\n<ul class=\"wp-block-list\">\n<li><strong><a href=\"https:\/\/jornalnosbairros.com.br\/wp\/wp-content\/uploads\/2024\/11\/ass-edital-00005.pdf\">EDITAL 0005<\/a><\/strong><br><strong>05 de novembro de 2024<\/strong><br>&#8211; Convoca\u00e7\u00e3o de assembleia geral extraordin\u00e1ria Contranav.<\/li>\n<\/ul>\n\n\n\n<hr class=\"wp-block-separator has-alpha-channel-opacity\"\/>\n\n\n\n<ul class=\"wp-block-list\">\n<li><a href=\"https:\/\/jornalnosbairros.com.br\/wp\/wp-content\/uploads\/2025\/02\/editalass.pdf\" target=\"_blank\" rel=\"noreferrer noopener\">EDITAL 006<\/a><br>&#8211; <strong>14 de fevereiro de 2025<\/strong> <br>&#8211; <strong>ASPMN<\/strong> &#8211; <em><em>Edital de convoca\u00e7\u00e3o de assembleia geral ordin\u00e1ria elei\u00e7\u00f5es 2025<\/em><\/em><\/li>\n<\/ul>\n\n\n\n<hr class=\"wp-block-separator has-alpha-channel-opacity\"\/>\n\n\n\n<ul class=\"wp-block-list\">\n<li><a href=\"https:\/\/jornalnosbairros.com.br\/wp\/wp-content\/uploads\/2025\/08\/ass-edital-009.pdf\"><strong>EDITAL 00<\/strong>9<\/a><br>&#8211; <strong>07 de julho 2025<\/strong><br>&#8211; Instituto A8 Racing<br>&#8211; Edital de Convoca\u00e7\u00e3o<\/li>\n<\/ul>\n\n\n\n<hr class=\"wp-block-separator has-alpha-channel-opacity\"\/>\n\n\n\n<ul class=\"wp-block-list\">\n<li><strong><a href=\"https:\/\/jornalnosbairros.com.br\/wp\/wp-content\/uploads\/2025\/10\/edital012-ass.pdf\" target=\"_blank\" rel=\"noreferrer noopener\">EDITAL 012<\/a><\/strong><br><strong>24 de outubro 2025<\/strong><br>S\u00famula de Licen\u00e7a &#8211; TAM&nbsp;torna p\u00fablico que recebeu do Instituto Ambiental de Navegantes&#8230;<\/li>\n<\/ul>\n<\/div>\n<\/div>\n","protected":false},"excerpt":{"rendered":"<p>PUBLICA\u00c7\u00d5ES LEGAIS &#8211; O Jornal nos Bairros confirma a autenticidade deste documento quando vizualizado diretamente neste local: https:\/\/jornalnosbairros.com.br\/wp\/publicacoes-legais<\/p>\n","protected":false},"author":1,"featured_media":31748,"parent":0,"menu_order":0,"comment_status":"closed","ping_status":"closed","template":"","meta":{"footnotes":""},"class_list":["post-31716","page","type-page","status-publish","has-post-thumbnail","hentry"],"yoast_head":"<!-- This site is optimized with the Yoast SEO plugin v27.4 - https:\/\/yoast.com\/product\/yoast-seo-wordpress\/ -->\n<title>EDITAIS - Jornal nos Bairros<\/title>\n<meta name=\"description\" content=\"PUBLICA\u00c7\u00d5ES LEGAIS - O Jornal nos Bairros confirma a autenticidade deste documento quando vizualizado diretamente neste local\" \/>\n<meta name=\"robots\" content=\"index, follow, max-snippet:-1, max-image-preview:large, max-video-preview:-1\" \/>\n<link rel=\"canonical\" href=\"https:\/\/jornalnosbairros.com.br\/wp\/publicacoes-legais\/\" \/>\n<meta property=\"og:locale\" content=\"pt_BR\" \/>\n<meta property=\"og:type\" content=\"article\" \/>\n<meta property=\"og:title\" content=\"EDITAIS - Jornal nos Bairros\" \/>\n<meta property=\"og:description\" content=\"PUBLICA\u00c7\u00d5ES LEGAIS - O Jornal nos Bairros confirma a autenticidade deste documento quando vizualizado diretamente neste local\" \/>\n<meta property=\"og:url\" content=\"https:\/\/jornalnosbairros.com.br\/wp\/publicacoes-legais\/\" \/>\n<meta property=\"og:site_name\" content=\"Jornal nos Bairros\" \/>\n<meta property=\"article:publisher\" content=\"https:\/\/www.facebook.com\/jornalnosbairros\" \/>\n<meta property=\"article:modified_time\" content=\"2026-03-05T14:31:18+00:00\" \/>\n<meta property=\"og:image\" content=\"https:\/\/jornalnosbairros.com.br\/wp\/wp-content\/uploads\/2024\/07\/EDITAIS.jpg\" \/>\n\t<meta property=\"og:image:width\" content=\"1005\" \/>\n\t<meta property=\"og:image:height\" content=\"252\" \/>\n\t<meta property=\"og:image:type\" content=\"image\/jpeg\" \/>\n<meta name=\"twitter:card\" content=\"summary_large_image\" \/>\n<meta name=\"twitter:site\" content=\"@jornal_bairros\" \/>\n<meta name=\"twitter:label1\" content=\"Est. tempo de leitura\" \/>\n\t<meta name=\"twitter:data1\" content=\"1 minuto\" \/>\n<script type=\"application\/ld+json\" class=\"yoast-schema-graph\">{\"@context\":\"https:\\\/\\\/schema.org\",\"@graph\":[{\"@type\":\"WebPage\",\"@id\":\"https:\\\/\\\/jornalnosbairros.com.br\\\/wp\\\/publicacoes-legais\\\/\",\"url\":\"https:\\\/\\\/jornalnosbairros.com.br\\\/wp\\\/publicacoes-legais\\\/\",\"name\":\"EDITAIS - Jornal nos Bairros\",\"isPartOf\":{\"@id\":\"https:\\\/\\\/jornalnosbairros.com.br\\\/wp\\\/#website\"},\"primaryImageOfPage\":{\"@id\":\"https:\\\/\\\/jornalnosbairros.com.br\\\/wp\\\/publicacoes-legais\\\/#primaryimage\"},\"image\":{\"@id\":\"https:\\\/\\\/jornalnosbairros.com.br\\\/wp\\\/publicacoes-legais\\\/#primaryimage\"},\"thumbnailUrl\":\"https:\\\/\\\/jornalnosbairros.com.br\\\/wp\\\/wp-content\\\/uploads\\\/2024\\\/07\\\/EDITAIS.jpg\",\"datePublished\":\"2024-07-10T16:54:45+00:00\",\"dateModified\":\"2026-03-05T14:31:18+00:00\",\"description\":\"PUBLICA\u00c7\u00d5ES LEGAIS - O Jornal nos Bairros confirma a autenticidade deste documento quando vizualizado diretamente neste local\",\"inLanguage\":\"pt-BR\",\"potentialAction\":[{\"@type\":\"ReadAction\",\"target\":[\"https:\\\/\\\/jornalnosbairros.com.br\\\/wp\\\/publicacoes-legais\\\/\"]}]},{\"@type\":\"ImageObject\",\"inLanguage\":\"pt-BR\",\"@id\":\"https:\\\/\\\/jornalnosbairros.com.br\\\/wp\\\/publicacoes-legais\\\/#primaryimage\",\"url\":\"https:\\\/\\\/jornalnosbairros.com.br\\\/wp\\\/wp-content\\\/uploads\\\/2024\\\/07\\\/EDITAIS.jpg\",\"contentUrl\":\"https:\\\/\\\/jornalnosbairros.com.br\\\/wp\\\/wp-content\\\/uploads\\\/2024\\\/07\\\/EDITAIS.jpg\",\"width\":1005,\"height\":252},{\"@type\":\"WebSite\",\"@id\":\"https:\\\/\\\/jornalnosbairros.com.br\\\/wp\\\/#website\",\"url\":\"https:\\\/\\\/jornalnosbairros.com.br\\\/wp\\\/\",\"name\":\"Jornal nos Bairros\",\"description\":\"Not\u00edcias di\u00e1rias de Navegantes e regi\u00e3o\",\"publisher\":{\"@id\":\"https:\\\/\\\/jornalnosbairros.com.br\\\/wp\\\/#organization\"},\"alternateName\":\"JB\",\"potentialAction\":[{\"@type\":\"SearchAction\",\"target\":{\"@type\":\"EntryPoint\",\"urlTemplate\":\"https:\\\/\\\/jornalnosbairros.com.br\\\/wp\\\/?s={search_term_string}\"},\"query-input\":{\"@type\":\"PropertyValueSpecification\",\"valueRequired\":true,\"valueName\":\"search_term_string\"}}],\"inLanguage\":\"pt-BR\"},{\"@type\":\"Organization\",\"@id\":\"https:\\\/\\\/jornalnosbairros.com.br\\\/wp\\\/#organization\",\"name\":\"Jornal nos Bairros de Navegantes\",\"url\":\"https:\\\/\\\/jornalnosbairros.com.br\\\/wp\\\/\",\"logo\":{\"@type\":\"ImageObject\",\"inLanguage\":\"pt-BR\",\"@id\":\"https:\\\/\\\/jornalnosbairros.com.br\\\/wp\\\/#\\\/schema\\\/logo\\\/image\\\/\",\"url\":\"https:\\\/\\\/jornalnosbairros.com.br\\\/wp\\\/wp-content\\\/uploads\\\/2025\\\/01\\\/LOGO-JB.png\",\"contentUrl\":\"https:\\\/\\\/jornalnosbairros.com.br\\\/wp\\\/wp-content\\\/uploads\\\/2025\\\/01\\\/LOGO-JB.png\",\"width\":168,\"height\":150,\"caption\":\"Jornal nos Bairros de Navegantes\"},\"image\":{\"@id\":\"https:\\\/\\\/jornalnosbairros.com.br\\\/wp\\\/#\\\/schema\\\/logo\\\/image\\\/\"},\"sameAs\":[\"https:\\\/\\\/www.facebook.com\\\/jornalnosbairros\",\"https:\\\/\\\/x.com\\\/jornal_bairros\",\"https:\\\/\\\/www.instagram.com\\\/jornalnosbairros\",\"https:\\\/\\\/www.youtube.com\\\/@jornalnosbairros\"]}]}<\/script>\n<!-- \/ Yoast SEO plugin. -->","yoast_head_json":{"title":"EDITAIS - Jornal nos Bairros","description":"PUBLICA\u00c7\u00d5ES LEGAIS - O Jornal nos Bairros confirma a autenticidade deste documento quando vizualizado diretamente neste local","robots":{"index":"index","follow":"follow","max-snippet":"max-snippet:-1","max-image-preview":"max-image-preview:large","max-video-preview":"max-video-preview:-1"},"canonical":"https:\/\/jornalnosbairros.com.br\/wp\/publicacoes-legais\/","og_locale":"pt_BR","og_type":"article","og_title":"EDITAIS - Jornal nos Bairros","og_description":"PUBLICA\u00c7\u00d5ES LEGAIS - O Jornal nos Bairros confirma a autenticidade deste documento quando vizualizado diretamente neste local","og_url":"https:\/\/jornalnosbairros.com.br\/wp\/publicacoes-legais\/","og_site_name":"Jornal nos Bairros","article_publisher":"https:\/\/www.facebook.com\/jornalnosbairros","article_modified_time":"2026-03-05T14:31:18+00:00","og_image":[{"width":1005,"height":252,"url":"https:\/\/jornalnosbairros.com.br\/wp\/wp-content\/uploads\/2024\/07\/EDITAIS.jpg","type":"image\/jpeg"}],"twitter_card":"summary_large_image","twitter_site":"@jornal_bairros","twitter_misc":{"Est. tempo de leitura":"1 minuto"},"schema":{"@context":"https:\/\/schema.org","@graph":[{"@type":"WebPage","@id":"https:\/\/jornalnosbairros.com.br\/wp\/publicacoes-legais\/","url":"https:\/\/jornalnosbairros.com.br\/wp\/publicacoes-legais\/","name":"EDITAIS - Jornal nos Bairros","isPartOf":{"@id":"https:\/\/jornalnosbairros.com.br\/wp\/#website"},"primaryImageOfPage":{"@id":"https:\/\/jornalnosbairros.com.br\/wp\/publicacoes-legais\/#primaryimage"},"image":{"@id":"https:\/\/jornalnosbairros.com.br\/wp\/publicacoes-legais\/#primaryimage"},"thumbnailUrl":"https:\/\/jornalnosbairros.com.br\/wp\/wp-content\/uploads\/2024\/07\/EDITAIS.jpg","datePublished":"2024-07-10T16:54:45+00:00","dateModified":"2026-03-05T14:31:18+00:00","description":"PUBLICA\u00c7\u00d5ES LEGAIS - O Jornal nos Bairros confirma a autenticidade deste documento quando vizualizado diretamente neste local","inLanguage":"pt-BR","potentialAction":[{"@type":"ReadAction","target":["https:\/\/jornalnosbairros.com.br\/wp\/publicacoes-legais\/"]}]},{"@type":"ImageObject","inLanguage":"pt-BR","@id":"https:\/\/jornalnosbairros.com.br\/wp\/publicacoes-legais\/#primaryimage","url":"https:\/\/jornalnosbairros.com.br\/wp\/wp-content\/uploads\/2024\/07\/EDITAIS.jpg","contentUrl":"https:\/\/jornalnosbairros.com.br\/wp\/wp-content\/uploads\/2024\/07\/EDITAIS.jpg","width":1005,"height":252},{"@type":"WebSite","@id":"https:\/\/jornalnosbairros.com.br\/wp\/#website","url":"https:\/\/jornalnosbairros.com.br\/wp\/","name":"Jornal nos Bairros","description":"Not\u00edcias di\u00e1rias de Navegantes e regi\u00e3o","publisher":{"@id":"https:\/\/jornalnosbairros.com.br\/wp\/#organization"},"alternateName":"JB","potentialAction":[{"@type":"SearchAction","target":{"@type":"EntryPoint","urlTemplate":"https:\/\/jornalnosbairros.com.br\/wp\/?s={search_term_string}"},"query-input":{"@type":"PropertyValueSpecification","valueRequired":true,"valueName":"search_term_string"}}],"inLanguage":"pt-BR"},{"@type":"Organization","@id":"https:\/\/jornalnosbairros.com.br\/wp\/#organization","name":"Jornal nos Bairros de Navegantes","url":"https:\/\/jornalnosbairros.com.br\/wp\/","logo":{"@type":"ImageObject","inLanguage":"pt-BR","@id":"https:\/\/jornalnosbairros.com.br\/wp\/#\/schema\/logo\/image\/","url":"https:\/\/jornalnosbairros.com.br\/wp\/wp-content\/uploads\/2025\/01\/LOGO-JB.png","contentUrl":"https:\/\/jornalnosbairros.com.br\/wp\/wp-content\/uploads\/2025\/01\/LOGO-JB.png","width":168,"height":150,"caption":"Jornal nos Bairros de Navegantes"},"image":{"@id":"https:\/\/jornalnosbairros.com.br\/wp\/#\/schema\/logo\/image\/"},"sameAs":["https:\/\/www.facebook.com\/jornalnosbairros","https:\/\/x.com\/jornal_bairros","https:\/\/www.instagram.com\/jornalnosbairros","https:\/\/www.youtube.com\/@jornalnosbairros"]}]}},"_links":{"self":[{"href":"https:\/\/jornalnosbairros.com.br\/wp\/wp-json\/wp\/v2\/pages\/31716","targetHints":{"allow":["GET"]}}],"collection":[{"href":"https:\/\/jornalnosbairros.com.br\/wp\/wp-json\/wp\/v2\/pages"}],"about":[{"href":"https:\/\/jornalnosbairros.com.br\/wp\/wp-json\/wp\/v2\/types\/page"}],"author":[{"embeddable":true,"href":"https:\/\/jornalnosbairros.com.br\/wp\/wp-json\/wp\/v2\/users\/1"}],"replies":[{"embeddable":true,"href":"https:\/\/jornalnosbairros.com.br\/wp\/wp-json\/wp\/v2\/comments?post=31716"}],"version-history":[{"count":56,"href":"https:\/\/jornalnosbairros.com.br\/wp\/wp-json\/wp\/v2\/pages\/31716\/revisions"}],"predecessor-version":[{"id":45624,"href":"https:\/\/jornalnosbairros.com.br\/wp\/wp-json\/wp\/v2\/pages\/31716\/revisions\/45624"}],"wp:featuredmedia":[{"embeddable":true,"href":"https:\/\/jornalnosbairros.com.br\/wp\/wp-json\/wp\/v2\/media\/31748"}],"wp:attachment":[{"href":"https:\/\/jornalnosbairros.com.br\/wp\/wp-json\/wp\/v2\/media?parent=31716"}],"curies":[{"name":"wp","href":"https:\/\/api.w.org\/{rel}","templated":true}]}}